{"id":238,"date":"2024-12-08T22:00:40","date_gmt":"2024-12-08T21:00:40","guid":{"rendered":"https:\/\/izistudioz-c9w8qipn3q.live-website.com\/?page_id=238"},"modified":"2024-12-27T02:26:45","modified_gmt":"2024-12-27T01:26:45","slug":"reserver-en-ligne","status":"publish","type":"page","link":"https:\/\/izistudioz.com\/index.php\/reserver-en-ligne\/","title":{"rendered":"R\u00e9server en ligne"},"content":{"rendered":"\n<div class=\"wp-block-columns alignwide are-vertically-aligned-top is-layout-flex wp-container-core-columns-is-layout-81a9e040 wp-block-columns-is-layout-flex\" style=\"margin-top:0;padding-top:0;padding-right:0;padding-bottom:0;padding-left:0\">\n<div class=\"wp-block-column is-vertically-aligned-top has-border-color has-contrast-border-color is-layout-flow wp-block-column-is-layout-flow\" style=\"border-width:1px\">\n<p class=\"has-text-align-center\"><strong>S\u00e9ance nouveau-n\u00e9e \/ b\u00e9b\u00e9<\/strong><\/p>\n\n\n\n<div style=\"margin-top:0px;margin-bottom:0px;height:29px\" aria-hidden=\"true\" class=\"wp-block-spacer\"><\/div>\n\n\n\n<figure class=\"wp-block-image aligncenter size-full is-resized\" style=\"margin-top:0px;margin-bottom:0px\"><img decoding=\"async\" src=\"https:\/\/izistudioz-c9w8qipn3q.live-website.com\/wp-content\/uploads\/2024\/12\/31fe01_35271099805648c3baa5e8c1adc6810dmv2-1.webp\" alt=\"\" class=\"wp-image-26\" style=\"aspect-ratio:1;object-fit:contain;width:578px\"\/><\/figure>\n\n\n\n<ul class=\"wp-block-list\">\n<li>15 photos digitales, 10 imprim\u00e9es <br>150 euros<\/li>\n\n\n\n<li>20 photos digitales, 15 imprim\u00e9es<br>190 euros<br><\/li>\n<\/ul>\n\n\n\n<hr class=\"wp-block-separator has-alpha-channel-opacity\"\/>\n\n\n\n<div class=\"wp-block-buttons is-content-justification-center is-layout-flex wp-container-core-buttons-is-layout-a89b3969 wp-block-buttons-is-layout-flex\">\n<div class=\"wp-block-button\"><a class=\"wp-block-button__link wp-element-button\" href=\"https:\/\/izistudioz-c9w8qipn3q.live-website.com\/index.php\/panier\/\">R\u00e9server maintenant<\/a><\/div>\n<\/div>\n\n\n\n<div style=\"margin-top:0px;margin-bottom:0px;height:20px\" aria-hidden=\"true\" class=\"wp-block-spacer\"><\/div>\n<\/div>\n\n\n\n<div class=\"wp-block-column is-vertically-aligned-top has-border-color has-contrast-border-color is-layout-flow wp-block-column-is-layout-flow\" style=\"border-width:1px\">\n<p class=\"has-text-align-center\" style=\"font-size:clamp(15.197px, 0.95rem + ((1vw - 3.2px) * 0.765), 23px);\"><strong>S\u00e9ance grossesse<\/strong><\/p>\n\n\n\n<div style=\"margin-top:0px;margin-bottom:0px;height:29px\" aria-hidden=\"true\" class=\"wp-block-spacer\"><\/div>\n\n\n\n<figure class=\"wp-block-image aligncenter size-large is-resized\" style=\"margin-top:0px;margin-bottom:0px\"><img loading=\"lazy\" decoding=\"async\" width=\"1668\" height=\"1667\" src=\"https:\/\/izistudioz-c9w8qipn3q.live-website.com\/wp-content\/uploads\/2024\/12\/IMG_0287-edited.png\" alt=\"\" class=\"wp-image-378\" style=\"aspect-ratio:1;object-fit:contain;width:578px\" srcset=\"https:\/\/izistudioz.com\/wp-content\/uploads\/2024\/12\/IMG_0287-edited.png 1668w, https:\/\/izistudioz.com\/wp-content\/uploads\/2024\/12\/IMG_0287-edited-300x300.png 300w, https:\/\/izistudioz.com\/wp-content\/uploads\/2024\/12\/IMG_0287-edited-1024x1024.png 1024w, https:\/\/izistudioz.com\/wp-content\/uploads\/2024\/12\/IMG_0287-edited-150x150.png 150w, https:\/\/izistudioz.com\/wp-content\/uploads\/2024\/12\/IMG_0287-edited-768x768.png 768w, https:\/\/izistudioz.com\/wp-content\/uploads\/2024\/12\/IMG_0287-edited-1536x1536.png 1536w\" sizes=\"auto, (max-width: 1668px) 100vw, 1668px\" \/><\/figure>\n\n\n\n<ul class=\"wp-block-list\">\n<li>15 photos digitales, 10 imprim\u00e9es<br>180 euros<br><br><\/li>\n<\/ul>\n\n\n\n<div style=\"height:21px\" aria-hidden=\"true\" class=\"wp-block-spacer\"><\/div>\n\n\n\n<hr class=\"wp-block-separator has-alpha-channel-opacity\"\/>\n\n\n\n<div class=\"wp-block-buttons is-content-justification-center is-layout-flex wp-container-core-buttons-is-layout-a89b3969 wp-block-buttons-is-layout-flex\">\n<div class=\"wp-block-button\"><a class=\"wp-block-button__link wp-element-button\">R\u00e9server maintenant<\/a><\/div>\n<\/div>\n\n\n\n<div style=\"margin-top:0px;margin-bottom:0px;height:20px\" aria-hidden=\"true\" class=\"wp-block-spacer\"><\/div>\n<\/div>\n\n\n\n<div class=\"wp-block-column is-vertically-aligned-top has-border-color has-contrast-border-color has-global-padding is-content-justification-left is-layout-constrained wp-container-core-column-is-layout-12dd3699 wp-block-column-is-layout-constrained\" style=\"border-width:1px\">\n<p class=\"has-text-align-center\"><strong>S\u00e9ance famille (groupe + enfant \/ b\u00e9b\u00e9 seul)<\/strong><\/p>\n\n\n\n<figure class=\"wp-block-image aligncenter size-full is-resized\" style=\"margin-top:0px;margin-bottom:0px\"><img loading=\"lazy\" decoding=\"async\" width=\"578\" height=\"578\" src=\"https:\/\/izistudioz-c9w8qipn3q.live-website.com\/wp-content\/uploads\/2024\/12\/60c44e413f2c44a4b7ff7daef8d2cf59.webp\" alt=\"\" class=\"wp-image-28\" style=\"aspect-ratio:1;object-fit:contain;width:578px\" srcset=\"https:\/\/izistudioz.com\/wp-content\/uploads\/2024\/12\/60c44e413f2c44a4b7ff7daef8d2cf59.webp 578w, https:\/\/izistudioz.com\/wp-content\/uploads\/2024\/12\/60c44e413f2c44a4b7ff7daef8d2cf59-300x300.webp 300w, https:\/\/izistudioz.com\/wp-content\/uploads\/2024\/12\/60c44e413f2c44a4b7ff7daef8d2cf59-100x100.webp 100w, https:\/\/izistudioz.com\/wp-content\/uploads\/2024\/12\/60c44e413f2c44a4b7ff7daef8d2cf59-150x150.webp 150w\" sizes=\"auto, (max-width: 578px) 100vw, 578px\" \/><\/figure>\n\n\n\n<ul class=\"wp-block-list\">\n<li>15 photos digitales, 10 imprim\u00e9es<br>180 euros<br><br><\/li>\n<\/ul>\n\n\n\n<div style=\"height:21px\" aria-hidden=\"true\" class=\"wp-block-spacer\"><\/div>\n\n\n\n<hr class=\"wp-block-separator has-alpha-channel-opacity\"\/>\n\n\n\n<div class=\"wp-block-buttons is-content-justification-center is-layout-flex wp-container-core-buttons-is-layout-a89b3969 wp-block-buttons-is-layout-flex\">\n<div class=\"wp-block-button\"><a class=\"wp-block-button__link wp-element-button\">R\u00e9server maintenant<\/a><\/div>\n<\/div>\n\n\n\n<div style=\"margin-top:0px;margin-bottom:0px;height:20px\" aria-hidden=\"true\" class=\"wp-block-spacer\"><\/div>\n<\/div>\n<\/div>\n\n\n\n<div class=\"wp-block-columns alignfull is-layout-flex wp-container-core-columns-is-layout-28f84493 wp-block-columns-is-layout-flex\">\n<div class=\"wp-block-column is-vertically-aligned-top is-layout-flow wp-block-column-is-layout-flow\" style=\"flex-basis:100{cbd4ea4f4e5054edec269d091a0a17185367b5d5a27babf00d66eaf9809d058b}\"><\/div>\n<\/div>\n\n\n\n<div class=\"wp-block-columns alignwide is-layout-flex wp-container-core-columns-is-layout-e0e4babd wp-block-columns-is-layout-flex\" style=\"padding-right:0;padding-left:0\">\n<div class=\"wp-block-column is-vertically-aligned-stretch has-border-color is-layout-flow wp-container-core-column-is-layout-3e8e1870 wp-block-column-is-layout-flow\" style=\"border-color:#111111;border-width:1px;border-radius:0px;padding-right:0;padding-left:0\">\n<p class=\"has-text-align-center\"><strong>S\u00e9ance portrait<\/strong><\/p>\n\n\n\n<div style=\"height:20px\" aria-hidden=\"true\" class=\"wp-block-spacer\"><\/div>\n\n\n\n<figure class=\"wp-block-image aligncenter size-large is-resized\"><img loading=\"lazy\" decoding=\"async\" width=\"2560\" height=\"2560\" src=\"https:\/\/izistudioz-c9w8qipn3q.live-website.com\/wp-content\/uploads\/2024\/12\/DSC06297-edited-scaled.jpeg\" alt=\"\" class=\"wp-image-267\" style=\"aspect-ratio:1;object-fit:contain;width:578px\" srcset=\"https:\/\/izistudioz.com\/wp-content\/uploads\/2024\/12\/DSC06297-edited-scaled.jpeg 2560w, https:\/\/izistudioz.com\/wp-content\/uploads\/2024\/12\/DSC06297-edited-300x300.jpeg 300w, https:\/\/izistudioz.com\/wp-content\/uploads\/2024\/12\/DSC06297-edited-scaled-100x100.jpeg 100w, https:\/\/izistudioz.com\/wp-content\/uploads\/2024\/12\/DSC06297-edited-scaled-600x600.jpeg 600w, https:\/\/izistudioz.com\/wp-content\/uploads\/2024\/12\/DSC06297-edited-1024x1024.jpeg 1024w, https:\/\/izistudioz.com\/wp-content\/uploads\/2024\/12\/DSC06297-edited-150x150.jpeg 150w, https:\/\/izistudioz.com\/wp-content\/uploads\/2024\/12\/DSC06297-edited-768x768.jpeg 768w, https:\/\/izistudioz.com\/wp-content\/uploads\/2024\/12\/DSC06297-edited-1536x1536.jpeg 1536w, https:\/\/izistudioz.com\/wp-content\/uploads\/2024\/12\/DSC06297-edited-2048x2048.jpeg 2048w\" sizes=\"auto, (max-width: 2560px) 100vw, 2560px\" \/><\/figure>\n\n\n\n<ul class=\"wp-block-list\">\n<li>15 photos digitales, 10 imprim\u00e9es -150 euros<\/li>\n\n\n\n<li>20 photos digitales, 15 imprim\u00e9es &#8211; 190 euros<br><br><br><\/li>\n<\/ul>\n\n\n\n<div style=\"height:30px\" aria-hidden=\"true\" class=\"wp-block-spacer\"><\/div>\n\n\n\n<hr class=\"wp-block-separator has-alpha-channel-opacity\"\/>\n\n\n\n<div style=\"height:15px\" aria-hidden=\"true\" class=\"wp-block-spacer\"><\/div>\n\n\n\n<div class=\"wp-block-buttons is-content-justification-center is-layout-flex wp-container-core-buttons-is-layout-749adb30 wp-block-buttons-is-layout-flex\">\n<div class=\"wp-block-button\"><a class=\"wp-block-button__link wp-element-button\">R\u00e9server maintenant<\/a><\/div>\n<\/div>\n\n\n\n<div style=\"margin-top:0px;margin-bottom:0px;height:20px\" aria-hidden=\"true\" class=\"wp-block-spacer\"><\/div>\n<\/div>\n\n\n\n<div class=\"wp-block-column has-border-color has-contrast-border-color is-layout-flow wp-block-column-is-layout-flow\" style=\"border-width:1px\">\n<p class=\"has-text-align-center\" style=\"margin-top:0px;margin-bottom:0px\"><strong>S\u00e9ance maman et moi (b\u00e9b\u00e9 + maman \/ b\u00e9b\u00e9 seul<\/strong>)<\/p>\n\n\n\n<div style=\"margin-top:0px;margin-bottom:0px;height:0px\" aria-hidden=\"true\" class=\"wp-block-spacer\"><\/div>\n\n\n\n<figure class=\"wp-block-image aligncenter size-large is-resized\" style=\"margin-top:0px;margin-bottom:0px\"><img loading=\"lazy\" decoding=\"async\" width=\"2560\" height=\"2560\" src=\"https:\/\/izistudioz-c9w8qipn3q.live-website.com\/wp-content\/uploads\/2024\/12\/IMG_8065-edited-scaled.jpeg\" alt=\"\" class=\"wp-image-265\" style=\"aspect-ratio:1;object-fit:contain;width:578px\" srcset=\"https:\/\/izistudioz.com\/wp-content\/uploads\/2024\/12\/IMG_8065-edited-scaled.jpeg 2560w, https:\/\/izistudioz.com\/wp-content\/uploads\/2024\/12\/IMG_8065-edited-300x300.jpeg 300w, https:\/\/izistudioz.com\/wp-content\/uploads\/2024\/12\/IMG_8065-edited-scaled-100x100.jpeg 100w, https:\/\/izistudioz.com\/wp-content\/uploads\/2024\/12\/IMG_8065-edited-scaled-600x600.jpeg 600w, https:\/\/izistudioz.com\/wp-content\/uploads\/2024\/12\/IMG_8065-edited-1024x1024.jpeg 1024w, https:\/\/izistudioz.com\/wp-content\/uploads\/2024\/12\/IMG_8065-edited-150x150.jpeg 150w, https:\/\/izistudioz.com\/wp-content\/uploads\/2024\/12\/IMG_8065-edited-768x768.jpeg 768w, https:\/\/izistudioz.com\/wp-content\/uploads\/2024\/12\/IMG_8065-edited-1536x1536.jpeg 1536w, https:\/\/izistudioz.com\/wp-content\/uploads\/2024\/12\/IMG_8065-edited-2048x2048.jpeg 2048w\" sizes=\"auto, (max-width: 2560px) 100vw, 2560px\" \/><\/figure>\n\n\n\n<ul class=\"wp-block-list\">\n<li>15 photos digitales, 10 imprim\u00e9es<br>190 euros<br><br><br><br><\/li>\n<\/ul>\n\n\n\n<div style=\"height:20px\" aria-hidden=\"true\" class=\"wp-block-spacer\"><\/div>\n\n\n\n<hr class=\"wp-block-separator has-alpha-channel-opacity\" style=\"margin-top:0px;margin-bottom:0px\"\/>\n\n\n\n<div class=\"wp-block-buttons is-content-justification-center is-layout-flex wp-container-core-buttons-is-layout-a89b3969 wp-block-buttons-is-layout-flex\">\n<div class=\"wp-block-button\"><a class=\"wp-block-button__link wp-element-button\">R\u00e9server maintenant<\/a><\/div>\n<\/div>\n\n\n\n<div style=\"margin-top:0px;margin-bottom:0px;height:20px\" aria-hidden=\"true\" class=\"wp-block-spacer\"><\/div>\n<\/div>\n\n\n\n<div class=\"wp-block-column is-vertically-aligned-stretch has-border-color has-contrast-border-color is-layout-flow wp-container-core-column-is-layout-f8561097 wp-block-column-is-layout-flow\" style=\"border-width:1px;padding-top:0;padding-right:0;padding-bottom:0;padding-left:0\">\n<p class=\"has-text-align-center\"><strong>Formules mariage<\/strong><\/p>\n\n\n\n<div style=\"height:20px\" aria-hidden=\"true\" class=\"wp-block-spacer\"><\/div>\n\n\n\n<figure class=\"wp-block-image aligncenter size-large is-resized\"><img loading=\"lazy\" decoding=\"async\" width=\"2560\" height=\"2560\" src=\"https:\/\/izistudioz-c9w8qipn3q.live-website.com\/wp-content\/uploads\/2024\/12\/IMG_0006-edited-scaled.jpeg\" alt=\"\" class=\"wp-image-266\" style=\"aspect-ratio:1;object-fit:contain;width:578px\" srcset=\"https:\/\/izistudioz.com\/wp-content\/uploads\/2024\/12\/IMG_0006-edited-scaled.jpeg 2560w, https:\/\/izistudioz.com\/wp-content\/uploads\/2024\/12\/IMG_0006-edited-300x300.jpeg 300w, https:\/\/izistudioz.com\/wp-content\/uploads\/2024\/12\/IMG_0006-edited-scaled-100x100.jpeg 100w, https:\/\/izistudioz.com\/wp-content\/uploads\/2024\/12\/IMG_0006-edited-scaled-600x600.jpeg 600w, https:\/\/izistudioz.com\/wp-content\/uploads\/2024\/12\/IMG_0006-edited-1024x1024.jpeg 1024w, https:\/\/izistudioz.com\/wp-content\/uploads\/2024\/12\/IMG_0006-edited-150x150.jpeg 150w, https:\/\/izistudioz.com\/wp-content\/uploads\/2024\/12\/IMG_0006-edited-768x768.jpeg 768w, https:\/\/izistudioz.com\/wp-content\/uploads\/2024\/12\/IMG_0006-edited-1536x1536.jpeg 1536w, https:\/\/izistudioz.com\/wp-content\/uploads\/2024\/12\/IMG_0006-edited-2048x2048.jpeg 2048w\" sizes=\"auto, (max-width: 2560px) 100vw, 2560px\" \/><\/figure>\n\n\n\n<ul class=\"wp-block-list\">\n<li>50 photos retouch\u00e9es &#8211; 800 euros<\/li>\n\n\n\n<li>70 photos retouch\u00e9es &#8211; 1000 euros<\/li>\n\n\n\n<li>100 photos retouch\u00e9es &#8211; 1200 euros<\/li>\n\n\n\n<li>150 photos retouch\u00e9es &#8211; 1600 euros<\/li>\n\n\n\n<li>200 photos retouch\u00e9es &#8211; 1800 euros<\/li>\n\n\n\n<li>Vid\u00e9o 5 min \u00e9dit\u00e9e &#8211; 1500 euros<br><\/li>\n<\/ul>\n\n\n\n<hr class=\"wp-block-separator has-alpha-channel-opacity\"\/>\n\n\n\n<div style=\"height:15px\" aria-hidden=\"true\" class=\"wp-block-spacer\"><\/div>\n\n\n\n<div class=\"wp-block-buttons is-content-justification-center is-layout-flex wp-container-core-buttons-is-layout-a89b3969 wp-block-buttons-is-layout-flex\">\n<div class=\"wp-block-button\"><a class=\"wp-block-button__link wp-element-button\">R\u00e9server maintenant<\/a><\/div>\n<\/div>\n\n\n\n<div style=\"margin-top:0px;margin-bottom:0px;height:20px\" aria-hidden=\"true\" class=\"wp-block-spacer\"><\/div>\n<\/div>\n<\/div>\n\n\n\n<hr class=\"wp-block-separator has-alpha-channel-opacity\"\/>\n\n\n\n<p class=\"has-text-align-center\"><strong>Vous souhaitez d&rsquo;autres types de services ou des renseignements ?<\/strong><\/p>\n\n\n\n<div class=\"wp-block-buttons is-content-justification-center is-layout-flex wp-container-core-buttons-is-layout-a89b3969 wp-block-buttons-is-layout-flex\">\n<div class=\"wp-block-button\"><a class=\"wp-block-button__link wp-element-button\">Nous contacter<\/a><\/div>\n<\/div>\n","protected":false},"excerpt":{"rendered":"<p>S\u00e9ance nouveau-n\u00e9e \/ b\u00e9b\u00e9 S\u00e9ance grossesse S\u00e9ance famille (groupe + enfant \/ b\u00e9b\u00e9 seul) S\u00e9ance portrait S\u00e9ance maman et moi (b\u00e9b\u00e9 + maman \/ b\u00e9b\u00e9 seul) Formules mariage Vous souhaitez d&rsquo;autres types de services ou des renseignements ?<\/p>\n","protected":false},"author":1,"featured_media":0,"parent":0,"menu_order":0,"comment_status":"closed","ping_status":"closed","template":"","meta":{"footnotes":""},"class_list":["post-238","page","type-page","status-publish","hentry"],"_links":{"self":[{"href":"https:\/\/izistudioz.com\/index.php\/wp-json\/wp\/v2\/pages\/238","targetHints":{"allow":["GET"]}}],"collection":[{"href":"https:\/\/izistudioz.com\/index.php\/wp-json\/wp\/v2\/pages"}],"about":[{"href":"https:\/\/izistudioz.com\/index.php\/wp-json\/wp\/v2\/types\/page"}],"author":[{"embeddable":true,"href":"https:\/\/izistudioz.com\/index.php\/wp-json\/wp\/v2\/users\/1"}],"replies":[{"embeddable":true,"href":"https:\/\/izistudioz.com\/index.php\/wp-json\/wp\/v2\/comments?post=238"}],"version-history":[{"count":44,"href":"https:\/\/izistudioz.com\/index.php\/wp-json\/wp\/v2\/pages\/238\/revisions"}],"predecessor-version":[{"id":421,"href":"https:\/\/izistudioz.com\/index.php\/wp-json\/wp\/v2\/pages\/238\/revisions\/421"}],"wp:attachment":[{"href":"https:\/\/izistudioz.com\/index.php\/wp-json\/wp\/v2\/media?parent=238"}],"curies":[{"name":"wp","href":"https:\/\/api.w.org\/{rel}","templated":true}]}}