{"id":889,"date":"2025-10-28T16:02:34","date_gmt":"2025-10-28T15:02:34","guid":{"rendered":"https:\/\/izistudioz.com\/?page_id=889"},"modified":"2025-11-29T16:17:23","modified_gmt":"2025-11-29T15:17:23","slug":"889-2","status":"publish","type":"page","link":"https:\/\/izistudioz.com\/index.php\/889-2\/","title":{"rendered":"S\u00e9ance nouveau-n\u00e9 \/ b\u00e9b\u00e9"},"content":{"rendered":"\n<figure class=\"wp-block-gallery alignfull has-nested-images columns-2 is-cropped has-border-color wp-block-gallery-1 is-layout-flex wp-block-gallery-is-layout-flex\" style=\"border-color:#ffffff00;border-width:20px\">\n<figure data-wp-context=\"{&quot;imageId&quot;:&quot;69e618931c7ff&quot;}\" data-wp-interactive=\"core\/image\" data-wp-key=\"69e618931c7ff\" class=\"wp-block-image size-large has-custom-border wp-lightbox-container\"><img loading=\"lazy\" decoding=\"async\" width=\"1024\" height=\"683\" data-wp-class--hide=\"state.isContentHidden\" data-wp-class--show=\"state.isContentVisible\" data-wp-init=\"callbacks.setButtonStyles\" data-wp-on--click=\"actions.showLightbox\" data-wp-on--load=\"callbacks.setButtonStyles\" data-wp-on-window--resize=\"callbacks.setButtonStyles\" data-id=\"818\" src=\"https:\/\/izistudioz.com\/wp-content\/uploads\/2025\/08\/DSC08988-1024x683.jpg\" alt=\"\" class=\"wp-image-818\" style=\"border-top-left-radius:30px\" srcset=\"https:\/\/izistudioz.com\/wp-content\/uploads\/2025\/08\/DSC08988-1024x683.jpg 1024w, https:\/\/izistudioz.com\/wp-content\/uploads\/2025\/08\/DSC08988-300x200.jpg 300w, https:\/\/izistudioz.com\/wp-content\/uploads\/2025\/08\/DSC08988-768x512.jpg 768w, https:\/\/izistudioz.com\/wp-content\/uploads\/2025\/08\/DSC08988-1536x1024.jpg 1536w, https:\/\/izistudioz.com\/wp-content\/uploads\/2025\/08\/DSC08988-2048x1365.jpg 2048w\" sizes=\"auto, (max-width: 1024px) 100vw, 1024px\" \/><button\n\t\t\tclass=\"lightbox-trigger\"\n\t\t\ttype=\"button\"\n\t\t\taria-haspopup=\"dialog\"\n\t\t\taria-label=\"Agrandir\"\n\t\t\tdata-wp-init=\"callbacks.initTriggerButton\"\n\t\t\tdata-wp-on--click=\"actions.showLightbox\"\n\t\t\tdata-wp-style--right=\"state.imageButtonRight\"\n\t\t\tdata-wp-style--top=\"state.imageButtonTop\"\n\t\t>\n\t\t\t<svg xmlns=\"http:\/\/www.w3.org\/2000\/svg\" width=\"12\" height=\"12\" fill=\"none\" viewBox=\"0 0 12 12\">\n\t\t\t\t<path fill=\"#fff\" d=\"M2 0a2 2 0 0 0-2 2v2h1.5V2a.5.5 0 0 1 .5-.5h2V0H2Zm2 10.5H2a.5.5 0 0 1-.5-.5V8H0v2a2 2 0 0 0 2 2h2v-1.5ZM8 12v-1.5h2a.5.5 0 0 0 .5-.5V8H12v2a2 2 0 0 1-2 2H8Zm2-12a2 2 0 0 1 2 2v2h-1.5V2a.5.5 0 0 0-.5-.5H8V0h2Z\" \/>\n\t\t\t<\/svg>\n\t\t<\/button><\/figure>\n\n\n\n<figure data-wp-context=\"{&quot;imageId&quot;:&quot;69e618931cdc2&quot;}\" data-wp-interactive=\"core\/image\" data-wp-key=\"69e618931cdc2\" class=\"wp-block-image size-large has-custom-border wp-lightbox-container\"><img loading=\"lazy\" decoding=\"async\" width=\"1024\" height=\"683\" data-wp-class--hide=\"state.isContentHidden\" data-wp-class--show=\"state.isContentVisible\" data-wp-init=\"callbacks.setButtonStyles\" data-wp-on--click=\"actions.showLightbox\" data-wp-on--load=\"callbacks.setButtonStyles\" data-wp-on-window--resize=\"callbacks.setButtonStyles\" data-id=\"825\" src=\"https:\/\/izistudioz.com\/wp-content\/uploads\/2025\/08\/DSC09100-1024x683.jpg\" alt=\"\" class=\"wp-image-825\" style=\"border-style:none;border-width:0px;border-radius:0px\" srcset=\"https:\/\/izistudioz.com\/wp-content\/uploads\/2025\/08\/DSC09100-1024x683.jpg 1024w, https:\/\/izistudioz.com\/wp-content\/uploads\/2025\/08\/DSC09100-300x200.jpg 300w, https:\/\/izistudioz.com\/wp-content\/uploads\/2025\/08\/DSC09100-768x512.jpg 768w, https:\/\/izistudioz.com\/wp-content\/uploads\/2025\/08\/DSC09100-1536x1024.jpg 1536w, https:\/\/izistudioz.com\/wp-content\/uploads\/2025\/08\/DSC09100-2048x1365.jpg 2048w\" sizes=\"auto, (max-width: 1024px) 100vw, 1024px\" \/><button\n\t\t\tclass=\"lightbox-trigger\"\n\t\t\ttype=\"button\"\n\t\t\taria-haspopup=\"dialog\"\n\t\t\taria-label=\"Agrandir\"\n\t\t\tdata-wp-init=\"callbacks.initTriggerButton\"\n\t\t\tdata-wp-on--click=\"actions.showLightbox\"\n\t\t\tdata-wp-style--right=\"state.imageButtonRight\"\n\t\t\tdata-wp-style--top=\"state.imageButtonTop\"\n\t\t>\n\t\t\t<svg xmlns=\"http:\/\/www.w3.org\/2000\/svg\" width=\"12\" height=\"12\" fill=\"none\" viewBox=\"0 0 12 12\">\n\t\t\t\t<path fill=\"#fff\" d=\"M2 0a2 2 0 0 0-2 2v2h1.5V2a.5.5 0 0 1 .5-.5h2V0H2Zm2 10.5H2a.5.5 0 0 1-.5-.5V8H0v2a2 2 0 0 0 2 2h2v-1.5ZM8 12v-1.5h2a.5.5 0 0 0 .5-.5V8H12v2a2 2 0 0 1-2 2H8Zm2-12a2 2 0 0 1 2 2v2h-1.5V2a.5.5 0 0 0-.5-.5H8V0h2Z\" \/>\n\t\t\t<\/svg>\n\t\t<\/button><\/figure>\n\n\n\n<figure data-wp-context=\"{&quot;imageId&quot;:&quot;69e618931d2f4&quot;}\" data-wp-interactive=\"core\/image\" data-wp-key=\"69e618931d2f4\" class=\"wp-block-image size-large wp-lightbox-container\"><img loading=\"lazy\" decoding=\"async\" width=\"1024\" height=\"768\" data-wp-class--hide=\"state.isContentHidden\" data-wp-class--show=\"state.isContentVisible\" data-wp-init=\"callbacks.setButtonStyles\" data-wp-on--click=\"actions.showLightbox\" data-wp-on--load=\"callbacks.setButtonStyles\" data-wp-on-window--resize=\"callbacks.setButtonStyles\" data-id=\"989\" src=\"https:\/\/izistudioz.com\/wp-content\/uploads\/2025\/10\/DSC09042-copy-edited-1-1024x768.jpg\" alt=\"\" class=\"wp-image-989\" srcset=\"https:\/\/izistudioz.com\/wp-content\/uploads\/2025\/10\/DSC09042-copy-edited-1-1024x768.jpg 1024w, https:\/\/izistudioz.com\/wp-content\/uploads\/2025\/10\/DSC09042-copy-edited-1-300x225.jpg 300w, https:\/\/izistudioz.com\/wp-content\/uploads\/2025\/10\/DSC09042-copy-edited-1-768x576.jpg 768w, https:\/\/izistudioz.com\/wp-content\/uploads\/2025\/10\/DSC09042-copy-edited-1-1536x1153.jpg 1536w, https:\/\/izistudioz.com\/wp-content\/uploads\/2025\/10\/DSC09042-copy-edited-1-2048x1537.jpg 2048w\" sizes=\"auto, (max-width: 1024px) 100vw, 1024px\" \/><button\n\t\t\tclass=\"lightbox-trigger\"\n\t\t\ttype=\"button\"\n\t\t\taria-haspopup=\"dialog\"\n\t\t\taria-label=\"Agrandir\"\n\t\t\tdata-wp-init=\"callbacks.initTriggerButton\"\n\t\t\tdata-wp-on--click=\"actions.showLightbox\"\n\t\t\tdata-wp-style--right=\"state.imageButtonRight\"\n\t\t\tdata-wp-style--top=\"state.imageButtonTop\"\n\t\t>\n\t\t\t<svg xmlns=\"http:\/\/www.w3.org\/2000\/svg\" width=\"12\" height=\"12\" fill=\"none\" viewBox=\"0 0 12 12\">\n\t\t\t\t<path fill=\"#fff\" d=\"M2 0a2 2 0 0 0-2 2v2h1.5V2a.5.5 0 0 1 .5-.5h2V0H2Zm2 10.5H2a.5.5 0 0 1-.5-.5V8H0v2a2 2 0 0 0 2 2h2v-1.5ZM8 12v-1.5h2a.5.5 0 0 0 .5-.5V8H12v2a2 2 0 0 1-2 2H8Zm2-12a2 2 0 0 1 2 2v2h-1.5V2a.5.5 0 0 0-.5-.5H8V0h2Z\" \/>\n\t\t\t<\/svg>\n\t\t<\/button><\/figure>\n\n\n\n<figure data-wp-context=\"{&quot;imageId&quot;:&quot;69e618931d6bc&quot;}\" data-wp-interactive=\"core\/image\" data-wp-key=\"69e618931d6bc\" class=\"wp-block-image size-large wp-lightbox-container\"><img loading=\"lazy\" decoding=\"async\" width=\"1024\" height=\"683\" data-wp-class--hide=\"state.isContentHidden\" data-wp-class--show=\"state.isContentVisible\" data-wp-init=\"callbacks.setButtonStyles\" data-wp-on--click=\"actions.showLightbox\" data-wp-on--load=\"callbacks.setButtonStyles\" data-wp-on-window--resize=\"callbacks.setButtonStyles\" data-id=\"817\" src=\"https:\/\/izistudioz.com\/wp-content\/uploads\/2025\/08\/DSC08982-1024x683.jpg\" alt=\"\" class=\"wp-image-817\" srcset=\"https:\/\/izistudioz.com\/wp-content\/uploads\/2025\/08\/DSC08982-1024x683.jpg 1024w, https:\/\/izistudioz.com\/wp-content\/uploads\/2025\/08\/DSC08982-300x200.jpg 300w, https:\/\/izistudioz.com\/wp-content\/uploads\/2025\/08\/DSC08982-768x512.jpg 768w, https:\/\/izistudioz.com\/wp-content\/uploads\/2025\/08\/DSC08982-1536x1024.jpg 1536w, https:\/\/izistudioz.com\/wp-content\/uploads\/2025\/08\/DSC08982-2048x1365.jpg 2048w\" sizes=\"auto, (max-width: 1024px) 100vw, 1024px\" \/><button\n\t\t\tclass=\"lightbox-trigger\"\n\t\t\ttype=\"button\"\n\t\t\taria-haspopup=\"dialog\"\n\t\t\taria-label=\"Agrandir\"\n\t\t\tdata-wp-init=\"callbacks.initTriggerButton\"\n\t\t\tdata-wp-on--click=\"actions.showLightbox\"\n\t\t\tdata-wp-style--right=\"state.imageButtonRight\"\n\t\t\tdata-wp-style--top=\"state.imageButtonTop\"\n\t\t>\n\t\t\t<svg xmlns=\"http:\/\/www.w3.org\/2000\/svg\" width=\"12\" height=\"12\" fill=\"none\" viewBox=\"0 0 12 12\">\n\t\t\t\t<path fill=\"#fff\" d=\"M2 0a2 2 0 0 0-2 2v2h1.5V2a.5.5 0 0 1 .5-.5h2V0H2Zm2 10.5H2a.5.5 0 0 1-.5-.5V8H0v2a2 2 0 0 0 2 2h2v-1.5ZM8 12v-1.5h2a.5.5 0 0 0 .5-.5V8H12v2a2 2 0 0 1-2 2H8Zm2-12a2 2 0 0 1 2 2v2h-1.5V2a.5.5 0 0 0-.5-.5H8V0h2Z\" \/>\n\t\t\t<\/svg>\n\t\t<\/button><\/figure>\n\n\n\n<figure data-wp-context=\"{&quot;imageId&quot;:&quot;69e618931da5f&quot;}\" data-wp-interactive=\"core\/image\" data-wp-key=\"69e618931da5f\" class=\"wp-block-image size-large has-custom-border wp-lightbox-container\"><img loading=\"lazy\" decoding=\"async\" width=\"1024\" height=\"683\" data-wp-class--hide=\"state.isContentHidden\" data-wp-class--show=\"state.isContentVisible\" data-wp-init=\"callbacks.setButtonStyles\" data-wp-on--click=\"actions.showLightbox\" data-wp-on--load=\"callbacks.setButtonStyles\" data-wp-on-window--resize=\"callbacks.setButtonStyles\" data-id=\"176\" src=\"https:\/\/izistudioz.com\/wp-content\/uploads\/2024\/12\/IMG_8065-1024x683.jpeg\" alt=\"\" class=\"wp-image-176\" style=\"border-bottom-left-radius:30px\" srcset=\"https:\/\/izistudioz.com\/wp-content\/uploads\/2024\/12\/IMG_8065-1024x683.jpeg 1024w, https:\/\/izistudioz.com\/wp-content\/uploads\/2024\/12\/IMG_8065-scaled-600x400.jpeg 600w, https:\/\/izistudioz.com\/wp-content\/uploads\/2024\/12\/IMG_8065-300x200.jpeg 300w, https:\/\/izistudioz.com\/wp-content\/uploads\/2024\/12\/IMG_8065-768x512.jpeg 768w, https:\/\/izistudioz.com\/wp-content\/uploads\/2024\/12\/IMG_8065-1536x1024.jpeg 1536w, https:\/\/izistudioz.com\/wp-content\/uploads\/2024\/12\/IMG_8065-2048x1365.jpeg 2048w\" sizes=\"auto, (max-width: 1024px) 100vw, 1024px\" \/><button\n\t\t\tclass=\"lightbox-trigger\"\n\t\t\ttype=\"button\"\n\t\t\taria-haspopup=\"dialog\"\n\t\t\taria-label=\"Agrandir\"\n\t\t\tdata-wp-init=\"callbacks.initTriggerButton\"\n\t\t\tdata-wp-on--click=\"actions.showLightbox\"\n\t\t\tdata-wp-style--right=\"state.imageButtonRight\"\n\t\t\tdata-wp-style--top=\"state.imageButtonTop\"\n\t\t>\n\t\t\t<svg xmlns=\"http:\/\/www.w3.org\/2000\/svg\" width=\"12\" height=\"12\" fill=\"none\" viewBox=\"0 0 12 12\">\n\t\t\t\t<path fill=\"#fff\" d=\"M2 0a2 2 0 0 0-2 2v2h1.5V2a.5.5 0 0 1 .5-.5h2V0H2Zm2 10.5H2a.5.5 0 0 1-.5-.5V8H0v2a2 2 0 0 0 2 2h2v-1.5ZM8 12v-1.5h2a.5.5 0 0 0 .5-.5V8H12v2a2 2 0 0 1-2 2H8Zm2-12a2 2 0 0 1 2 2v2h-1.5V2a.5.5 0 0 0-.5-.5H8V0h2Z\" \/>\n\t\t\t<\/svg>\n\t\t<\/button><\/figure>\n\n\n\n<figure data-wp-context=\"{&quot;imageId&quot;:&quot;69e618931de65&quot;}\" data-wp-interactive=\"core\/image\" data-wp-key=\"69e618931de65\" class=\"wp-block-image size-large has-custom-border wp-lightbox-container\"><img loading=\"lazy\" decoding=\"async\" width=\"1024\" height=\"683\" data-wp-class--hide=\"state.isContentHidden\" data-wp-class--show=\"state.isContentVisible\" data-wp-init=\"callbacks.setButtonStyles\" data-wp-on--click=\"actions.showLightbox\" data-wp-on--load=\"callbacks.setButtonStyles\" data-wp-on-window--resize=\"callbacks.setButtonStyles\" data-id=\"821\" src=\"https:\/\/izistudioz.com\/wp-content\/uploads\/2025\/08\/DSC09040-1024x683.jpg\" alt=\"\" class=\"wp-image-821\" style=\"border-bottom-right-radius:30px\" srcset=\"https:\/\/izistudioz.com\/wp-content\/uploads\/2025\/08\/DSC09040-1024x683.jpg 1024w, https:\/\/izistudioz.com\/wp-content\/uploads\/2025\/08\/DSC09040-300x200.jpg 300w, https:\/\/izistudioz.com\/wp-content\/uploads\/2025\/08\/DSC09040-768x512.jpg 768w, https:\/\/izistudioz.com\/wp-content\/uploads\/2025\/08\/DSC09040-1536x1024.jpg 1536w, https:\/\/izistudioz.com\/wp-content\/uploads\/2025\/08\/DSC09040-2048x1365.jpg 2048w\" sizes=\"auto, (max-width: 1024px) 100vw, 1024px\" \/><button\n\t\t\tclass=\"lightbox-trigger\"\n\t\t\ttype=\"button\"\n\t\t\taria-haspopup=\"dialog\"\n\t\t\taria-label=\"Agrandir\"\n\t\t\tdata-wp-init=\"callbacks.initTriggerButton\"\n\t\t\tdata-wp-on--click=\"actions.showLightbox\"\n\t\t\tdata-wp-style--right=\"state.imageButtonRight\"\n\t\t\tdata-wp-style--top=\"state.imageButtonTop\"\n\t\t>\n\t\t\t<svg xmlns=\"http:\/\/www.w3.org\/2000\/svg\" width=\"12\" height=\"12\" fill=\"none\" viewBox=\"0 0 12 12\">\n\t\t\t\t<path fill=\"#fff\" d=\"M2 0a2 2 0 0 0-2 2v2h1.5V2a.5.5 0 0 1 .5-.5h2V0H2Zm2 10.5H2a.5.5 0 0 1-.5-.5V8H0v2a2 2 0 0 0 2 2h2v-1.5ZM8 12v-1.5h2a.5.5 0 0 0 .5-.5V8H12v2a2 2 0 0 1-2 2H8Zm2-12a2 2 0 0 1 2 2v2h-1.5V2a.5.5 0 0 0-.5-.5H8V0h2Z\" \/>\n\t\t\t<\/svg>\n\t\t<\/button><\/figure>\n<\/figure>\n\n\n\n<div class=\"wp-block-buttons is-content-justification-center is-layout-flex wp-container-core-buttons-is-layout-a89b3969 wp-block-buttons-is-layout-flex\">\n<div class=\"wp-block-button\"><a class=\"wp-block-button__link wp-element-button\" href=\"https:\/\/izistudioz.com\/index.php\/galerie-nouveau-nee-bebe\/\">Voir plus de photos<\/a><\/div>\n<\/div>\n\n\n\n<div style=\"height:55px\" aria-hidden=\"true\" class=\"wp-block-spacer\"><\/div>\n\n\n\n<div class=\"wp-block-group alignfull has-background-background-color has-background is-layout-flow wp-container-core-group-is-layout-b4ab40c5 wp-block-group-is-layout-flow\" style=\"margin-top:0;margin-bottom:0;padding-top:var(--wp--preset--spacing--20);padding-right:var(--wp--preset--spacing--20);padding-bottom:var(--wp--preset--spacing--20);padding-left:var(--wp--preset--spacing--20)\">\n<div class=\"wp-block-columns alignwide is-layout-flex wp-container-core-columns-is-layout-26b6f4de wp-block-columns-is-layout-flex\" style=\"padding-right:0;padding-left:0\">\n<div class=\"wp-block-column is-layout-flow wp-container-core-column-is-layout-119bc444 wp-block-column-is-layout-flow\" style=\"flex-basis:100%\">\n<p class=\"has-text-align-center has-large-font-size\" style=\"margin-top:16px\">Chaque nouveau-n\u00e9 apporte une lumi\u00e8re nouvelle dans une famille.<br>\u00c0 travers cette s\u00e9ance, je souhaite figer ces premiers liens : une main serr\u00e9e autour d\u2019un doigt, un regard \u00e9merveill\u00e9 des parents, un sourire endormi\u2026<br>Ce sont ces petits instants d\u2019amour que je capture pour que, plus tard, vous puissiez les revivre encore et encore.<\/p>\n\n\n\n<h2 class=\"wp-block-heading has-text-align-center has-x-large-font-size\">Tarif<\/h2>\n\n\n\n<p class=\"has-text-align-center\">5 photos digitales, 3 photos imprim\u00e9es &#8211; 1 tenue, 1 scene, photo en famille non inclus &#8211; 190\u20ac<\/p>\n\n\n\n<p class=\"has-text-align-center\">10 photos digitales, 5 photos imprim\u00e9es &#8211; 2 tenue, 2 scene, photo en famille inclus &#8211; 260\u20ac<\/p>\n\n\n\n<p class=\"has-text-align-center\">15 photos digitales, 10 photos imprim\u00e9es &#8211; 3 tenue, 2 scene, photo en famille inclus &#8211; 300\u20ac<\/p>\n\n\n\n<p class=\"has-text-align-center\">20 photos digitales, 15 photos imprim\u00e9es &#8211; 4 tenue, 3 scene, photo en famille inclus &#8211; 350\u20ac<\/p>\n\n\n\n<p class=\"has-text-align-center\">Pack naissance + grossesse &#8211;  2 seance photo, 30 photos en total digitales, 15 photos imprim\u00e9es 5 tenue 4 scene 450\u20ac <\/p>\n\n\n\n<div style=\"height:7px\" aria-hidden=\"true\" class=\"wp-block-spacer\"><\/div>\n\n\n\n<div class=\"wp-block-buttons is-content-justification-center is-layout-flex wp-container-core-buttons-is-layout-b5994976 wp-block-buttons-is-layout-flex\">\n<div class=\"wp-block-button is-style-fill\"><a class=\"wp-block-button__link wp-element-button\" href=\"https:\/\/izistudioz.com\/index.php\/reserver-en-ligne-2\/\">R\u00e9server maintenant<\/a><\/div>\n<\/div>\n<\/div>\n<\/div>\n<\/div>\n\n\n\n<p><\/p>\n","protected":false},"excerpt":{"rendered":"<p>Chaque nouveau-n\u00e9 apporte une lumi\u00e8re nouvelle dans une famille.\u00c0 travers cette s\u00e9ance, je souhaite figer ces premiers liens : une main serr\u00e9e autour d\u2019un doigt, un regard \u00e9merveill\u00e9 des parents, un sourire endormi\u2026Ce sont ces petits instants d\u2019amour que je capture pour que, plus tard, vous puissiez les revivre encore et encore. Tarif 5 photos [&hellip;]<\/p>\n","protected":false},"author":1,"featured_media":0,"parent":0,"menu_order":0,"comment_status":"closed","ping_status":"closed","template":"","meta":{"footnotes":""},"class_list":["post-889","page","type-page","status-publish","hentry"],"_links":{"self":[{"href":"https:\/\/izistudioz.com\/index.php\/wp-json\/wp\/v2\/pages\/889","targetHints":{"allow":["GET"]}}],"collection":[{"href":"https:\/\/izistudioz.com\/index.php\/wp-json\/wp\/v2\/pages"}],"about":[{"href":"https:\/\/izistudioz.com\/index.php\/wp-json\/wp\/v2\/types\/page"}],"author":[{"embeddable":true,"href":"https:\/\/izistudioz.com\/index.php\/wp-json\/wp\/v2\/users\/1"}],"replies":[{"embeddable":true,"href":"https:\/\/izistudioz.com\/index.php\/wp-json\/wp\/v2\/comments?post=889"}],"version-history":[{"count":48,"href":"https:\/\/izistudioz.com\/index.php\/wp-json\/wp\/v2\/pages\/889\/revisions"}],"predecessor-version":[{"id":1019,"href":"https:\/\/izistudioz.com\/index.php\/wp-json\/wp\/v2\/pages\/889\/revisions\/1019"}],"wp:attachment":[{"href":"https:\/\/izistudioz.com\/index.php\/wp-json\/wp\/v2\/media?parent=889"}],"curies":[{"name":"wp","href":"https:\/\/api.w.org\/{rel}","templated":true}]}}