{"id":923,"date":"2025-10-28T17:55:06","date_gmt":"2025-10-28T16:55:06","guid":{"rendered":"https:\/\/izistudioz.com\/?page_id=923"},"modified":"2025-12-05T14:44:37","modified_gmt":"2025-12-05T13:44:37","slug":"en-savoir-plus","status":"publish","type":"page","link":"https:\/\/izistudioz.com\/index.php\/en-savoir-plus\/","title":{"rendered":"S\u00e9ance maternit\u00e9"},"content":{"rendered":"\n<div class=\"wp-block-group alignfull has-background-background-color has-background is-layout-flow wp-container-core-group-is-layout-b4ab40c5 wp-block-group-is-layout-flow\" style=\"margin-top:0;margin-bottom:0;padding-top:var(--wp--preset--spacing--20);padding-right:var(--wp--preset--spacing--20);padding-bottom:var(--wp--preset--spacing--20);padding-left:var(--wp--preset--spacing--20)\">\n<div class=\"wp-block-columns alignwide is-layout-flex wp-container-core-columns-is-layout-26b6f4de wp-block-columns-is-layout-flex\" style=\"padding-right:0;padding-left:0\">\n<div class=\"wp-block-column is-vertically-aligned-top is-layout-flow wp-container-core-column-is-layout-22223934 wp-block-column-is-layout-flow\" style=\"flex-basis:60%\">\n<div class=\"wp-block-columns is-not-stacked-on-mobile is-layout-flex wp-container-core-columns-is-layout-97a84f53 wp-block-columns-is-layout-flex\" style=\"padding-right:var(--wp--preset--spacing--70);padding-left:var(--wp--preset--spacing--70)\">\n<div class=\"wp-block-column is-layout-flow wp-container-core-column-is-layout-22223934 wp-block-column-is-layout-flow\" style=\"flex-basis:30%\">\n<figure data-wp-context=\"{&quot;imageId&quot;:&quot;69e602a298526&quot;}\" data-wp-interactive=\"core\/image\" data-wp-key=\"69e602a298526\" class=\"wp-block-image size-large has-custom-border wp-lightbox-container\"><img loading=\"lazy\" decoding=\"async\" width=\"683\" height=\"1024\" data-wp-class--hide=\"state.isContentHidden\" data-wp-class--show=\"state.isContentVisible\" data-wp-init=\"callbacks.setButtonStyles\" data-wp-on--click=\"actions.showLightbox\" data-wp-on--load=\"callbacks.setButtonStyles\" data-wp-on-window--resize=\"callbacks.setButtonStyles\" src=\"https:\/\/izistudioz.com\/wp-content\/uploads\/2024\/12\/IMG_2712-683x1024.jpg\" alt=\"\" class=\"wp-image-150\" style=\"border-radius:0.79rem;aspect-ratio:1;object-fit:cover\" srcset=\"https:\/\/izistudioz.com\/wp-content\/uploads\/2024\/12\/IMG_2712-683x1024.jpg 683w, https:\/\/izistudioz.com\/wp-content\/uploads\/2024\/12\/IMG_2712-scaled-600x900.jpg 600w, https:\/\/izistudioz.com\/wp-content\/uploads\/2024\/12\/IMG_2712-200x300.jpg 200w, https:\/\/izistudioz.com\/wp-content\/uploads\/2024\/12\/IMG_2712-768x1152.jpg 768w, https:\/\/izistudioz.com\/wp-content\/uploads\/2024\/12\/IMG_2712-1024x1536.jpg 1024w, https:\/\/izistudioz.com\/wp-content\/uploads\/2024\/12\/IMG_2712-1365x2048.jpg 1365w, https:\/\/izistudioz.com\/wp-content\/uploads\/2024\/12\/IMG_2712-scaled.jpg 1707w\" sizes=\"auto, (max-width: 683px) 100vw, 683px\" \/><button\n\t\t\tclass=\"lightbox-trigger\"\n\t\t\ttype=\"button\"\n\t\t\taria-haspopup=\"dialog\"\n\t\t\taria-label=\"Agrandir\"\n\t\t\tdata-wp-init=\"callbacks.initTriggerButton\"\n\t\t\tdata-wp-on--click=\"actions.showLightbox\"\n\t\t\tdata-wp-style--right=\"state.imageButtonRight\"\n\t\t\tdata-wp-style--top=\"state.imageButtonTop\"\n\t\t>\n\t\t\t<svg xmlns=\"http:\/\/www.w3.org\/2000\/svg\" width=\"12\" height=\"12\" fill=\"none\" viewBox=\"0 0 12 12\">\n\t\t\t\t<path fill=\"#fff\" d=\"M2 0a2 2 0 0 0-2 2v2h1.5V2a.5.5 0 0 1 .5-.5h2V0H2Zm2 10.5H2a.5.5 0 0 1-.5-.5V8H0v2a2 2 0 0 0 2 2h2v-1.5ZM8 12v-1.5h2a.5.5 0 0 0 .5-.5V8H12v2a2 2 0 0 1-2 2H8Zm2-12a2 2 0 0 1 2 2v2h-1.5V2a.5.5 0 0 0-.5-.5H8V0h2Z\" \/>\n\t\t\t<\/svg>\n\t\t<\/button><\/figure>\n\n\n\n<figure data-wp-context=\"{&quot;imageId&quot;:&quot;69e602a2989a3&quot;}\" data-wp-interactive=\"core\/image\" data-wp-key=\"69e602a2989a3\" class=\"wp-block-image size-large has-custom-border wp-lightbox-container\"><img loading=\"lazy\" decoding=\"async\" width=\"684\" height=\"1024\" data-wp-class--hide=\"state.isContentHidden\" data-wp-class--show=\"state.isContentVisible\" data-wp-init=\"callbacks.setButtonStyles\" data-wp-on--click=\"actions.showLightbox\" data-wp-on--load=\"callbacks.setButtonStyles\" data-wp-on-window--resize=\"callbacks.setButtonStyles\" src=\"https:\/\/izistudioz.com\/wp-content\/uploads\/2024\/12\/DSC02267-684x1024.jpg\" alt=\"\" class=\"wp-image-104\" style=\"border-radius:0.79rem;aspect-ratio:1;object-fit:cover\" srcset=\"https:\/\/izistudioz.com\/wp-content\/uploads\/2024\/12\/DSC02267-684x1024.jpg 684w, https:\/\/izistudioz.com\/wp-content\/uploads\/2024\/12\/DSC02267-rotated-600x898.jpg 600w, https:\/\/izistudioz.com\/wp-content\/uploads\/2024\/12\/DSC02267-200x300.jpg 200w, https:\/\/izistudioz.com\/wp-content\/uploads\/2024\/12\/DSC02267-768x1149.jpg 768w, https:\/\/izistudioz.com\/wp-content\/uploads\/2024\/12\/DSC02267-1027x1536.jpg 1027w, https:\/\/izistudioz.com\/wp-content\/uploads\/2024\/12\/DSC02267-rotated.jpg 1080w\" sizes=\"auto, (max-width: 684px) 100vw, 684px\" \/><button\n\t\t\tclass=\"lightbox-trigger\"\n\t\t\ttype=\"button\"\n\t\t\taria-haspopup=\"dialog\"\n\t\t\taria-label=\"Agrandir\"\n\t\t\tdata-wp-init=\"callbacks.initTriggerButton\"\n\t\t\tdata-wp-on--click=\"actions.showLightbox\"\n\t\t\tdata-wp-style--right=\"state.imageButtonRight\"\n\t\t\tdata-wp-style--top=\"state.imageButtonTop\"\n\t\t>\n\t\t\t<svg xmlns=\"http:\/\/www.w3.org\/2000\/svg\" width=\"12\" height=\"12\" fill=\"none\" viewBox=\"0 0 12 12\">\n\t\t\t\t<path fill=\"#fff\" d=\"M2 0a2 2 0 0 0-2 2v2h1.5V2a.5.5 0 0 1 .5-.5h2V0H2Zm2 10.5H2a.5.5 0 0 1-.5-.5V8H0v2a2 2 0 0 0 2 2h2v-1.5ZM8 12v-1.5h2a.5.5 0 0 0 .5-.5V8H12v2a2 2 0 0 1-2 2H8Zm2-12a2 2 0 0 1 2 2v2h-1.5V2a.5.5 0 0 0-.5-.5H8V0h2Z\" \/>\n\t\t\t<\/svg>\n\t\t<\/button><\/figure>\n\n\n\n<figure data-wp-context=\"{&quot;imageId&quot;:&quot;69e602a298d73&quot;}\" data-wp-interactive=\"core\/image\" data-wp-key=\"69e602a298d73\" class=\"wp-block-image size-large has-custom-border wp-lightbox-container\"><img loading=\"lazy\" decoding=\"async\" width=\"683\" height=\"1024\" data-wp-class--hide=\"state.isContentHidden\" data-wp-class--show=\"state.isContentVisible\" data-wp-init=\"callbacks.setButtonStyles\" data-wp-on--click=\"actions.showLightbox\" data-wp-on--load=\"callbacks.setButtonStyles\" data-wp-on-window--resize=\"callbacks.setButtonStyles\" src=\"https:\/\/izistudioz.com\/wp-content\/uploads\/2024\/12\/IMG_2560-copy-683x1024.jpg\" alt=\"\" class=\"wp-image-147\" style=\"border-radius:0.79rem;aspect-ratio:1;object-fit:cover\" srcset=\"https:\/\/izistudioz.com\/wp-content\/uploads\/2024\/12\/IMG_2560-copy-683x1024.jpg 683w, https:\/\/izistudioz.com\/wp-content\/uploads\/2024\/12\/IMG_2560-copy-scaled-600x900.jpg 600w, https:\/\/izistudioz.com\/wp-content\/uploads\/2024\/12\/IMG_2560-copy-200x300.jpg 200w, https:\/\/izistudioz.com\/wp-content\/uploads\/2024\/12\/IMG_2560-copy-768x1152.jpg 768w, https:\/\/izistudioz.com\/wp-content\/uploads\/2024\/12\/IMG_2560-copy-1024x1536.jpg 1024w, https:\/\/izistudioz.com\/wp-content\/uploads\/2024\/12\/IMG_2560-copy-1365x2048.jpg 1365w, https:\/\/izistudioz.com\/wp-content\/uploads\/2024\/12\/IMG_2560-copy-scaled.jpg 1707w\" sizes=\"auto, (max-width: 683px) 100vw, 683px\" \/><button\n\t\t\tclass=\"lightbox-trigger\"\n\t\t\ttype=\"button\"\n\t\t\taria-haspopup=\"dialog\"\n\t\t\taria-label=\"Agrandir\"\n\t\t\tdata-wp-init=\"callbacks.initTriggerButton\"\n\t\t\tdata-wp-on--click=\"actions.showLightbox\"\n\t\t\tdata-wp-style--right=\"state.imageButtonRight\"\n\t\t\tdata-wp-style--top=\"state.imageButtonTop\"\n\t\t>\n\t\t\t<svg xmlns=\"http:\/\/www.w3.org\/2000\/svg\" width=\"12\" height=\"12\" fill=\"none\" viewBox=\"0 0 12 12\">\n\t\t\t\t<path fill=\"#fff\" d=\"M2 0a2 2 0 0 0-2 2v2h1.5V2a.5.5 0 0 1 .5-.5h2V0H2Zm2 10.5H2a.5.5 0 0 1-.5-.5V8H0v2a2 2 0 0 0 2 2h2v-1.5ZM8 12v-1.5h2a.5.5 0 0 0 .5-.5V8H12v2a2 2 0 0 1-2 2H8Zm2-12a2 2 0 0 1 2 2v2h-1.5V2a.5.5 0 0 0-.5-.5H8V0h2Z\" \/>\n\t\t\t<\/svg>\n\t\t<\/button><\/figure>\n<\/div>\n\n\n\n<div class=\"wp-block-column has-global-padding is-content-justification-left is-layout-constrained wp-container-core-column-is-layout-12dd3699 wp-block-column-is-layout-constrained\">\n<figure data-wp-context=\"{&quot;imageId&quot;:&quot;69e602a29ab1f&quot;}\" data-wp-interactive=\"core\/image\" data-wp-key=\"69e602a29ab1f\" class=\"wp-block-image size-large is-resized has-custom-border wp-lightbox-container\"><img loading=\"lazy\" decoding=\"async\" width=\"684\" height=\"1024\" data-wp-class--hide=\"state.isContentHidden\" data-wp-class--show=\"state.isContentVisible\" data-wp-init=\"callbacks.setButtonStyles\" data-wp-on--click=\"actions.showLightbox\" data-wp-on--load=\"callbacks.setButtonStyles\" data-wp-on-window--resize=\"callbacks.setButtonStyles\" src=\"https:\/\/izistudioz.com\/wp-content\/uploads\/2024\/12\/DSC02119-684x1024.jpg\" alt=\"\" class=\"wp-image-102\" style=\"border-radius:1.32rem;aspect-ratio:0.5625;object-fit:cover;width:645px;height:auto\" srcset=\"https:\/\/izistudioz.com\/wp-content\/uploads\/2024\/12\/DSC02119-684x1024.jpg 684w, https:\/\/izistudioz.com\/wp-content\/uploads\/2024\/12\/DSC02119-rotated-600x898.jpg 600w, https:\/\/izistudioz.com\/wp-content\/uploads\/2024\/12\/DSC02119-200x300.jpg 200w, https:\/\/izistudioz.com\/wp-content\/uploads\/2024\/12\/DSC02119-768x1149.jpg 768w, https:\/\/izistudioz.com\/wp-content\/uploads\/2024\/12\/DSC02119-1027x1536.jpg 1027w, https:\/\/izistudioz.com\/wp-content\/uploads\/2024\/12\/DSC02119-rotated.jpg 1080w\" sizes=\"auto, (max-width: 684px) 100vw, 684px\" \/><button\n\t\t\tclass=\"lightbox-trigger\"\n\t\t\ttype=\"button\"\n\t\t\taria-haspopup=\"dialog\"\n\t\t\taria-label=\"Agrandir\"\n\t\t\tdata-wp-init=\"callbacks.initTriggerButton\"\n\t\t\tdata-wp-on--click=\"actions.showLightbox\"\n\t\t\tdata-wp-style--right=\"state.imageButtonRight\"\n\t\t\tdata-wp-style--top=\"state.imageButtonTop\"\n\t\t>\n\t\t\t<svg xmlns=\"http:\/\/www.w3.org\/2000\/svg\" width=\"12\" height=\"12\" fill=\"none\" viewBox=\"0 0 12 12\">\n\t\t\t\t<path fill=\"#fff\" d=\"M2 0a2 2 0 0 0-2 2v2h1.5V2a.5.5 0 0 1 .5-.5h2V0H2Zm2 10.5H2a.5.5 0 0 1-.5-.5V8H0v2a2 2 0 0 0 2 2h2v-1.5ZM8 12v-1.5h2a.5.5 0 0 0 .5-.5V8H12v2a2 2 0 0 1-2 2H8Zm2-12a2 2 0 0 1 2 2v2h-1.5V2a.5.5 0 0 0-.5-.5H8V0h2Z\" \/>\n\t\t\t<\/svg>\n\t\t<\/button><\/figure>\n<\/div>\n<\/div>\n<\/div>\n\n\n\n<div class=\"wp-block-column is-layout-flow wp-container-core-column-is-layout-119bc444 wp-block-column-is-layout-flow\" style=\"flex-basis:50%\">\n<p class=\"has-large-font-size\" style=\"margin-top:16px\"><strong>Votre beaut\u00e9, \u00e0 un tournant.<\/strong><br>Des photos de maternit\u00e9 qui c\u00e9l\u00e8brent la force, la gr\u00e2ce et l\u2019amour de cette \u00e9tape extraordinaire. Des images intemporelles, naturelles et pleines de lumi\u00e8re.<br>Pour garder le souvenir d\u2019un instant suspendu.<\/p>\n\n\n\n<p><\/p>\n\n\n\n<p class=\"has-large-font-size\" style=\"margin-top:16px\"><strong>Tarif<\/strong><\/p>\n\n\n\n<p>5 Photos digitales, 3  imprim\u00e9es &#8211; une tenue , 1 scene, photo en famille inclus &#8211; <strong>180 \u20ac<\/strong><\/p>\n\n\n\n<p>10 Photos digitales, 5 photos imprim\u00e9es &#8211; 2 tenue, 2 scene photo en famille inclus &#8211; <strong>240\u20ac<\/strong><\/p>\n\n\n\n<p>15 Photos digitales, 10 photos imprim\u00e9es &#8211; 3 tenue, 3 scene photo en famille inclus &#8211; <strong>290\u20ac<\/strong><\/p>\n\n\n\n<p>20 Photos digitales, 15 photos imprim\u00e9es &#8211; 4 tenue, 3 scene photo en famille inclus &#8211; <strong>330\u20ac<\/strong><\/p>\n\n\n\n<p>Pack grossesse + naissance &#8211; 2 seance photo, 30 photos en Toal digitales 15 photos imprim\u00e9es, 5 tenue, 4 scene photo en famille inclus &#8211; <strong>450\u20ac<\/strong><\/p>\n\n\n\n<div style=\"height:20px\" aria-hidden=\"true\" class=\"wp-block-spacer\"><\/div>\n\n\n\n<div class=\"wp-block-buttons is-content-justification-center is-layout-flex wp-container-core-buttons-is-layout-b5994976 wp-block-buttons-is-layout-flex\">\n<div class=\"wp-block-button is-style-fill\"><a class=\"wp-block-button__link wp-element-button\" href=\"https:\/\/izistudioz.com\/index.php\/reserver-en-ligne-2\/\">R\u00e9server maintenant<\/a><\/div>\n<\/div>\n<\/div>\n<\/div>\n<\/div>\n","protected":false},"excerpt":{"rendered":"<p>Votre beaut\u00e9, \u00e0 un tournant.Des photos de maternit\u00e9 qui c\u00e9l\u00e8brent la force, la gr\u00e2ce et l\u2019amour de cette \u00e9tape extraordinaire. Des images intemporelles, naturelles et pleines de lumi\u00e8re.Pour garder le souvenir d\u2019un instant suspendu. Tarif 5 Photos digitales, 3 imprim\u00e9es &#8211; une tenue , 1 scene, photo en famille inclus &#8211; 180 \u20ac 10 Photos [&hellip;]<\/p>\n","protected":false},"author":1,"featured_media":0,"parent":0,"menu_order":0,"comment_status":"closed","ping_status":"closed","template":"","meta":{"footnotes":""},"class_list":["post-923","page","type-page","status-publish","hentry"],"_links":{"self":[{"href":"https:\/\/izistudioz.com\/index.php\/wp-json\/wp\/v2\/pages\/923","targetHints":{"allow":["GET"]}}],"collection":[{"href":"https:\/\/izistudioz.com\/index.php\/wp-json\/wp\/v2\/pages"}],"about":[{"href":"https:\/\/izistudioz.com\/index.php\/wp-json\/wp\/v2\/types\/page"}],"author":[{"embeddable":true,"href":"https:\/\/izistudioz.com\/index.php\/wp-json\/wp\/v2\/users\/1"}],"replies":[{"embeddable":true,"href":"https:\/\/izistudioz.com\/index.php\/wp-json\/wp\/v2\/comments?post=923"}],"version-history":[{"count":12,"href":"https:\/\/izistudioz.com\/index.php\/wp-json\/wp\/v2\/pages\/923\/revisions"}],"predecessor-version":[{"id":1029,"href":"https:\/\/izistudioz.com\/index.php\/wp-json\/wp\/v2\/pages\/923\/revisions\/1029"}],"wp:attachment":[{"href":"https:\/\/izistudioz.com\/index.php\/wp-json\/wp\/v2\/media?parent=923"}],"curies":[{"name":"wp","href":"https:\/\/api.w.org\/{rel}","templated":true}]}}